{"id":81,"date":"2025-05-03T06:26:08","date_gmt":"2025-05-03T06:26:08","guid":{"rendered":"https:\/\/dr-thomas-weyrauch.de\/apotheke\/?post_type=product&#038;p=81"},"modified":"2025-05-03T06:26:08","modified_gmt":"2025-05-03T06:26:08","slug":"vigora-xl","status":"publish","type":"product","link":"https:\/\/dr-thomas-weyrauch.de\/apotheke\/product\/vigora-xl\/","title":{"rendered":"Vigora XL"},"content":{"rendered":"\r\n<h2 class=\"wp-block-heading\"><strong>Vigora XL Bewertung<\/strong><\/h2>\r\n\r\n<p class=\"\" data-start=\"2794\" data-end=\"2890\">Du bist nicht mehr so stark im Bett wie fr\u00fcher. Deine Energie schwindet, und du bist unsicher.\u00a0Das betrifft viele M\u00e4nner. Deswegen gibt es Produkte wie <strong data-start=\"2949\" data-end=\"2962\">Vigora XL<\/strong>, die helfen sollen.<\/p>\r\n<p class=\"\" data-start=\"2986\" data-end=\"3043\">Ob das wirklich stimmt? Wir pr\u00fcfen die Wahrheit f\u00fcr dich.<\/p>\r\n\r\n<h2 class=\"wp-block-heading\"><strong>Vigora XL \u2013 Wirkungen und Vorteile<\/strong><\/h2>\r\n<p class=\"\" data-start=\"2986\" data-end=\"3043\"><\/p>\r\n<p class=\"\" data-start=\"4879\" data-end=\"4971\">Mit <strong data-start=\"4883\" data-end=\"4896\">Vigora XL<\/strong> kannst du deine sexuelle Gesundheit und Leistung verbessern. Die Vorteile:<\/p>\r\n\r\n<ul data-start=\"4973\" data-end=\"5445\">\r\n \t<li class=\"\" data-start=\"4973\" data-end=\"5095\">\r\n<p class=\"\" data-start=\"4975\" data-end=\"5095\"><strong data-start=\"4975\" data-end=\"5004\">Verbesserte Durchblutung:<\/strong> Hilft, die Blutzufuhr zu den Genitalien zu verbessern und st\u00e4rkere Erektionen zu erzielen.<\/p>\r\n<\/li>\r\n \t<li class=\"\" data-start=\"5096\" data-end=\"5181\">\r\n<p class=\"\" data-start=\"5098\" data-end=\"5181\"><strong data-start=\"5098\" data-end=\"5117\">Erh\u00f6hte Libido:<\/strong> Steigert das sexuelle Verlangen durch nat\u00fcrliche Inhaltsstoffe.<\/p>\r\n<\/li>\r\n \t<li class=\"\" data-start=\"5182\" data-end=\"5295\">\r\n<p class=\"\" data-start=\"5184\" data-end=\"5295\"><strong data-start=\"5184\" data-end=\"5211\">Reduzierung von Stress:<\/strong> Hilft, die geistige Anspannung zu verringern und das sexuelle Erlebnis zu genie\u00dfen.<\/p>\r\n<\/li>\r\n \t<li class=\"\" data-start=\"5296\" data-end=\"5370\">\r\n<p class=\"\" data-start=\"5298\" data-end=\"5370\"><strong data-start=\"5298\" data-end=\"5321\">Hormonelle Balance:<\/strong> Unterst\u00fctzt das Gleichgewicht der Sexualhormone.<\/p>\r\n<\/li>\r\n \t<li class=\"\" data-start=\"5371\" data-end=\"5445\">\r\n<p class=\"\" data-start=\"5373\" data-end=\"5445\"><strong data-start=\"5373\" data-end=\"5394\">Erh\u00f6hte Ausdauer:<\/strong> Hilft dir, l\u00e4nger und intensiver aktiv zu bleiben.<\/p>\r\n<\/li>\r\n<\/ul>\r\n<p class=\"\" data-start=\"5447\" data-end=\"5488\"><strong data-start=\"5447\" data-end=\"5488\">Jetzt bestellen \u2013 Rabatt bis zu 50 %!<\/strong><\/p>\r\n\r\n<h2 class=\"wp-block-heading\"><strong>Was ist Vigora XL?<\/strong><\/h2>\r\n<p class=\"\" data-start=\"3693\" data-end=\"3839\"><strong data-start=\"3693\" data-end=\"3706\">Vigora XL<\/strong> richtet sich an M\u00e4nner, die ihre sexuelle St\u00e4rke zur\u00fcckgewinnen wollen. Wenn du weniger Energie oder Lust versp\u00fcrst, kann es helfen.<\/p>\r\n<p class=\"\" data-start=\"3841\" data-end=\"3937\">Es unterst\u00fctzt die Blutzirkulation und sorgt f\u00fcr mehr Ausdauer, Energie und sexuelles Verlangen.<\/p>\r\n<p class=\"\" data-start=\"3939\" data-end=\"3969\"><strong data-start=\"3939\" data-end=\"3967\">Besonders hilfreich bei:<\/strong><\/p>\r\n\r\n<ul data-start=\"3970\" data-end=\"4055\">\r\n \t<li class=\"\" data-start=\"3970\" data-end=\"3997\">\r\n<p class=\"\" data-start=\"3972\" data-end=\"3997\">Schlechter Durchblutung<\/p>\r\n<\/li>\r\n \t<li class=\"\" data-start=\"3998\" data-end=\"4014\">\r\n<p class=\"\" data-start=\"4000\" data-end=\"4014\">Weniger Lust<\/p>\r\n<\/li>\r\n \t<li class=\"\" data-start=\"4015\" data-end=\"4034\">\r\n<p class=\"\" data-start=\"4017\" data-end=\"4034\">Kurzer Sexdauer<\/p>\r\n<\/li>\r\n \t<li class=\"\" data-start=\"4035\" data-end=\"4055\">\r\n<p class=\"\" data-start=\"4037\" data-end=\"4055\">Energielosigkeit<\/p>\r\n<\/li>\r\n<\/ul>\r\n\r\n<h2 class=\"wp-block-heading\"><strong>Wie wirkt Vigora XL?<\/strong><\/h2>\r\n<p class=\"\" data-start=\"1139\" data-end=\"1278\">Flavonoide, die in <strong data-start=\"1158\" data-end=\"1170\">VigoraXL<\/strong> enthalten sind, wirken gegen Zellsch\u00e4den. Sie verbessern die Gef\u00e4\u00dfgesundheit und damit auch die Erektion.<\/p>\r\n<p class=\"\" data-start=\"1280\" data-end=\"1429\">Oxidativer Stress kann durch Angst oder Umweltfaktoren entstehen und die Erektionsf\u00e4higkeit st\u00f6ren. Flavonoide helfen, diesen Stress zu reduzieren.<\/p>\r\n<p class=\"\" data-start=\"1431\" data-end=\"1529\">Wissenschaftliche Studien belegen: Wer mehr Flavonoide zu sich nimmt, hat seltener Potenzprobleme.<\/p>\r\n\r\n<h2 class=\"wp-block-heading\"><strong>Vigora XL Inhaltsstoffe<\/strong><\/h2>\r\n<p class=\"\" data-start=\"315\" data-end=\"537\"><strong data-start=\"315\" data-end=\"337\">1. Horny Goat Weed<\/strong><br data-start=\"337\" data-end=\"340\" \/>Bekannt als nat\u00fcrliches Aphrodisiakum, verbessert es die Blutzirkulation im Genitalbereich.<br data-start=\"431\" data-end=\"434\" \/>Icariin, der Hauptwirkstoff, hilft bei Erektionsproblemen.<br data-start=\"492\" data-end=\"495\" \/>Ideal f\u00fcr M\u00e4nner mit nachlassender Potenz.<\/p>\r\n<p class=\"\" data-start=\"539\" data-end=\"736\"><strong data-start=\"539\" data-end=\"557\">2. Tongkat Ali<\/strong><br data-start=\"557\" data-end=\"560\" \/>Diese Wurzel st\u00e4rkt das sexuelle Verlangen und die k\u00f6rperliche Ausdauer.<br data-start=\"632\" data-end=\"635\" \/>Sie kann den Testosteronwert nat\u00fcrlich anheben.<br data-start=\"682\" data-end=\"685\" \/>H\u00e4ufig genutzt zur Steigerung der m\u00e4nnlichen Kraft.<\/p>\r\n<p class=\"\" data-start=\"738\" data-end=\"947\"><strong data-start=\"738\" data-end=\"757\">3. Saw Palmetto<\/strong><br data-start=\"757\" data-end=\"760\" \/>F\u00f6rdert die Prostata-Gesundheit und kann hormonelle Schwankungen ausgleichen.<br data-start=\"837\" data-end=\"840\" \/>Hilft, das Gleichgewicht von Testosteron zu unterst\u00fctzen.<br data-start=\"897\" data-end=\"900\" \/>Unterst\u00fctzt M\u00e4nner ab 40 bei Vitalit\u00e4tsverlust.<\/p>\r\n<p class=\"\" data-start=\"949\" data-end=\"1131\"><strong data-start=\"949\" data-end=\"967\">4. Nettle Root<\/strong><br data-start=\"967\" data-end=\"970\" \/>Verbessert den freien Testosteronspiegel im Blut.<br data-start=\"1019\" data-end=\"1022\" \/>Wirkt unterst\u00fctzend auf die Harnwege und den Hormonhaushalt.<br data-start=\"1082\" data-end=\"1085\" \/>Traditionell bei Prostataproblemen eingesetzt.<\/p>\r\n<p class=\"\" data-start=\"1133\" data-end=\"1326\"><strong data-start=\"1133\" data-end=\"1152\">5. Sarsaparilla<\/strong><br data-start=\"1152\" data-end=\"1155\" \/>Diese tropische Wurzel wirkt st\u00e4rkend und anregend.<br data-start=\"1206\" data-end=\"1209\" \/>Sie wird zur F\u00f6rderung der Libido und k\u00f6rperlichen Leistungsf\u00e4higkeit genutzt.<br data-start=\"1287\" data-end=\"1290\" \/>Gilt als nat\u00fcrlicher Energiespender.<\/p>\r\n\r\n<h2 class=\"wp-block-heading\"><strong>Vigora XL Anwendung und Dosierung<\/strong><\/h2>\r\n<p class=\"\" data-start=\"2536\" data-end=\"2814\">Nehmen Sie t\u00e4glich eine Kapsel <strong data-start=\"2598\" data-end=\"2611\">Vigora XL<\/strong>, idealerweise etwa 30 Minuten vor geplanter sexueller Aktivit\u00e4t, zusammen mit einem Glas Wasser ein. Es ist wichtig, die empfohlene Dosis nicht zu \u00fcberschreiten, um m\u00f6gliche Nebenwirkungen zu vermeiden.<\/p>\r\n\r\n<h2 class=\"wp-block-heading\"><strong>Vigora XL Preis<\/strong><\/h2>\r\n<p class=\"\" data-start=\"2536\" data-end=\"2814\"><\/p>\r\n<p class=\"\" data-start=\"3303\" data-end=\"3457\">Eine Flasche Vigora XL kostet 54,95 \u20ac und enth\u00e4lt 60 Kapseln f\u00fcr einen Monat.<br data-start=\"3403\" data-end=\"3406\" \/>Sie k\u00f6nnen auch von Bundle-Angeboten profitieren:<\/p>\r\n\r\n<ul data-start=\"3458\" data-end=\"3679\">\r\n \t<li class=\"\" data-start=\"3458\" data-end=\"3511\">\r\n<p class=\"\" data-start=\"3460\" data-end=\"3511\">3-Flaschen-Pack f\u00fcr 89,95 \u20ac (29,98 \u20ac pro Flasche)<\/p>\r\n<\/li>\r\n \t<li class=\"\" data-start=\"3512\" data-end=\"3679\">\r\n<p class=\"\" data-start=\"3514\" data-end=\"3679\">5-Flaschen-Pack f\u00fcr 109,95 \u20ac (21,99 \u20ac pro Flasche)<br data-start=\"3564\" data-end=\"3567\" \/>Der Kauf in gr\u00f6\u00dferen Mengen spart deutlich Geld. Der Versand innerhalb der EU ist kostenlos und erfolgt schnell.<\/p>\r\n<\/li>\r\n<\/ul>\r\n\r\n<h2 class=\"wp-block-heading\"><strong>Vigora XL Vorsichtsma\u00dfnahmen und Nebenwirkungen<\/strong><\/h2>\r\n<p class=\"\" data-start=\"2315\" data-end=\"2590\">Die Kapseln haben keine schwerwiegenden Nebenwirkungen, aber bei einer Allergie oder Unvertr\u00e4glichkeit gegen\u00fcber den Inhaltsstoffen sollten Sie vorsichtig sein. Es wird empfohlen, die Inhaltsstoffliste vor der Anwendung zu pr\u00fcfen.<\/p>\r\n\r\n<h2 class=\"wp-block-heading\"><strong>Vigora XL \u2013 Bewertungen und Erfahrungsberichte<\/strong><\/h2>\r\n<p class=\"\" data-start=\"5377\" data-end=\"5533\">Viele Nutzer haben von positiven Ergebnissen mit Vigora XL berichtet. Drei zufriedene Kunden berichten:<\/p>\r\n<p class=\"\" data-start=\"5535\" data-end=\"5704\">\u201eSeitdem ich Vigora XL nehme, f\u00fchle ich mich viel fitter und energiegeladener. Meine sexuellen Leistungen haben sich verbessert, und mein Selbstvertrauen ist gestiegen.\u201c<\/p>\r\n<p class=\"\" data-start=\"5706\" data-end=\"5895\">\u201eVigora XL hat meine Ausdauer sowohl bei der Arbeit als auch im Fitnessstudio erh\u00f6ht. Meine sexuellen Leistungen sind ebenfalls besser geworden. Ich bin sehr zufrieden mit den Ergebnissen!\u201c<\/p>\r\n<p class=\"\" data-start=\"5897\" data-end=\"6074\">\u201eIch war oft m\u00fcde und energielos, aber mit Vigora XL f\u00fchle ich mich jetzt viel lebendiger. Meine sexuelle Gesundheit hat sich auch deutlich verbessert. Ein gro\u00dfartiges Produkt!\u201c<\/p>\r\n\r\n<h2 class=\"wp-block-heading\"><strong>Vigora XL Bewertungen: Abschluss<\/strong><\/h2>\r\n<p class=\"\" data-start=\"5497\" data-end=\"5822\">Vigora XL ist eine ideale Wahl, wenn du deine Ausdauer, Energie und dein Selbstvertrauen erh\u00f6hen m\u00f6chtest. Viele Benutzer haben ihre Leistung verbessert, mit mehr Ausdauer und Energie. Zu den enthaltenen Zutaten geh\u00f6ren Horny Goat Weed und Tongkat Ali, die zur Unterst\u00fctzung der m\u00e4nnlichen Gesundheit bekannt sind.<\/p>\r\n<p class=\"\" data-start=\"5824\" data-end=\"6242\">Es bietet gutes Preis-Leistungs-Verh\u00e4ltnis mit g\u00fcnstigen Preisen, Mengenrabatten und einer 60-t\u00e4gigen Geld-zur\u00fcck-Garantie. Auch wenn die Ergebnisse individuell unterschiedlich ausfallen k\u00f6nnen, haben die meisten Nutzer positive R\u00fcckmeldungen gegeben. Wenn du ein nat\u00fcrliches Produkt zur Leistungssteigerung suchst, solltest du Vigora XL in Betracht ziehen. Du kannst es direkt auf der Offiziellen Website kaufen.<\/p>\r\n<p class=\"\" data-start=\"5897\" data-end=\"6074\"><\/p>\r\n\r\n<h2 class=\"wp-block-heading\"><strong>Vigora XL Bewertung \u2013 H\u00e4ufig gestellte Fragen (FAQs)<\/strong><\/h2>\r\n<p class=\"\" data-start=\"2905\" data-end=\"3178\"><strong data-start=\"2905\" data-end=\"2953\">F: Wie lange dauert es, bis Vigora XL wirkt?<\/strong><br data-start=\"2953\" data-end=\"2956\" \/>A: Die Ergebnisse k\u00f6nnen variieren. Manche Nutzer sehen Ver\u00e4nderungen nach wenigen Wochen, w\u00e4hrend es bei anderen l\u00e4nger dauert. Wenn du Vigora XL regelm\u00e4\u00dfig einnimmst, steigen deine Chancen auf die gew\u00fcnschten Ergebnisse.<\/p>\r\n<p class=\"\" data-start=\"3180\" data-end=\"3412\"><strong data-start=\"3180\" data-end=\"3225\">F: Ist Vigora XL sicher in der Anwendung?<\/strong><br data-start=\"3225\" data-end=\"3228\" \/>A: Ja, Vigora XL ist sicher und enth\u00e4lt nat\u00fcrliche Inhaltsstoffe. Menschen mit gesundheitlichen Problemen oder die Medikamente einnehmen, sollten jedoch vorher ihren Arzt konsultieren.<\/p>\r\n<p class=\"\" data-start=\"3414\" data-end=\"3729\"><strong data-start=\"3414\" data-end=\"3490\">F: Kann ich Vigora XL mit anderen Nahrungserg\u00e4nzungsmitteln kombinieren?<\/strong><br data-start=\"3490\" data-end=\"3493\" \/>A: Ja, du kannst Vigora XL mit anderen Pr\u00e4paraten einnehmen, aber stelle sicher, dass keine doppelten Inhaltsstoffe enthalten sind. Es ist immer ratsam, sich vor der Kombination von Nahrungserg\u00e4nzungsmitteln mit einem Arzt abzusprechen.<\/p>\r\n<p class=\"\" data-start=\"3731\" data-end=\"3912\"><strong data-start=\"3731\" data-end=\"3767\">F: Wo kann ich Vigora XL kaufen?<\/strong><br data-start=\"3767\" data-end=\"3770\" \/>A: Die offizielle Website ist der beste Ort, um Vigora XL zu kaufen. Dort erh\u00e4ltst du das Originalprodukt und kannst eventuell Rabatte nutzen.<\/p>\r\n<p class=\"\" data-start=\"3914\" data-end=\"4103\"><strong data-start=\"3914\" data-end=\"3955\">F: Gibt es eine Geld-zur\u00fcck-Garantie?<\/strong><br data-start=\"3955\" data-end=\"3958\" \/>A: Ja, Vigora XL bietet eine 60-Tage-Geld-zur\u00fcck-Garantie. Wenn du mit dem Produkt nicht zufrieden bist, kannst du eine R\u00fcckerstattung anfordern.<\/p>\r\n\r\n<h3 class=\"\" data-start=\"6081\" data-end=\"6095\"><\/h3>\r\n<p class=\"\" data-start=\"2315\" data-end=\"2590\"><\/p>\r\n\r\n<p class=\"\" data-start=\"1133\" data-end=\"1326\"><\/p>\r\n<p class=\"\" data-start=\"1431\" data-end=\"1529\"><\/p>\r\n\r\n<p class=\"\" data-start=\"2986\" data-end=\"3043\"><!-- \/wp:post-content --><\/p>","protected":false},"excerpt":{"rendered":"<p>Vigora XL Bewertung Du bist nicht mehr so stark im Bett wie fr\u00fcher. Deine Energie schwindet, und du bist unsicher.\u00a0Das betrifft viele M\u00e4nner. Deswegen gibt es Produkte wie Vigora XL, die helfen sollen. Ob das wirklich stimmt? Wir pr\u00fcfen die Wahrheit f\u00fcr dich. Vigora XL \u2013 Wirkungen und Vorteile<\/p>\n","protected":false},"featured_media":82,"comment_status":"open","ping_status":"closed","template":"","meta":[],"product_brand":[],"product_cat":[20],"product_tag":[],"class_list":{"0":"post-81","1":"product","2":"type-product","3":"status-publish","4":"has-post-thumbnail","6":"product_cat-maennergesundheit","8":"first","9":"instock","10":"sale","11":"shipping-taxable","12":"product-type-external"},"_links":{"self":[{"href":"https:\/\/dr-thomas-weyrauch.de\/apotheke\/wp-json\/wp\/v2\/product\/81","targetHints":{"allow":["GET"]}}],"collection":[{"href":"https:\/\/dr-thomas-weyrauch.de\/apotheke\/wp-json\/wp\/v2\/product"}],"about":[{"href":"https:\/\/dr-thomas-weyrauch.de\/apotheke\/wp-json\/wp\/v2\/types\/product"}],"replies":[{"embeddable":true,"href":"https:\/\/dr-thomas-weyrauch.de\/apotheke\/wp-json\/wp\/v2\/comments?post=81"}],"wp:featuredmedia":[{"embeddable":true,"href":"https:\/\/dr-thomas-weyrauch.de\/apotheke\/wp-json\/wp\/v2\/media\/82"}],"wp:attachment":[{"href":"https:\/\/dr-thomas-weyrauch.de\/apotheke\/wp-json\/wp\/v2\/media?parent=81"}],"wp:term":[{"taxonomy":"product_brand","embeddable":true,"href":"https:\/\/dr-thomas-weyrauch.de\/apotheke\/wp-json\/wp\/v2\/product_brand?post=81"},{"taxonomy":"product_cat","embeddable":true,"href":"https:\/\/dr-thomas-weyrauch.de\/apotheke\/wp-json\/wp\/v2\/product_cat?post=81"},{"taxonomy":"product_tag","embeddable":true,"href":"https:\/\/dr-thomas-weyrauch.de\/apotheke\/wp-json\/wp\/v2\/product_tag?post=81"}],"curies":[{"name":"wp","href":"https:\/\/api.w.org\/{rel}","templated":true}]}}