{"id":187,"date":"2026-04-29T08:18:42","date_gmt":"2026-04-29T08:18:42","guid":{"rendered":"https:\/\/dr-thomas-weyrauch.de\/apotheke\/?post_type=product&#038;p=187"},"modified":"2026-04-29T08:22:10","modified_gmt":"2026-04-29T08:22:10","slug":"fungexin-bewertungen-warnungen-erfahrungen-nebenwirkungen-wirkt-es","status":"publish","type":"product","link":"https:\/\/dr-thomas-weyrauch.de\/apotheke\/product\/fungexin-bewertungen-warnungen-erfahrungen-nebenwirkungen-wirkt-es\/","title":{"rendered":"Fungexin Bewertungen {Warnungen}: Erfahrungen, Nebenwirkungen \u2013 Wirkt es?"},"content":{"rendered":"<h2><strong>Fungexin Bewertungen<\/strong><\/h2>\n<section class=\"text-token-text-primary w-full focus:outline-none [--shadow-height:45px] has-data-writing-block:pointer-events-none has-data-writing-block:-mt-(--shadow-height) has-data-writing-block:pt-(--shadow-height) [&amp;:has([data-writing-block])&gt;*]:pointer-events-auto [content-visibility:auto] supports-[content-visibility:auto]:[contain-intrinsic-size:auto_100lvh] R6Vx5W_threadScrollVars scroll-mb-[calc(var(--scroll-root-safe-area-inset-bottom,0px)+var(--thread-response-height))] scroll-mt-[calc(var(--header-height)+min(200px,max(70px,20svh)))]\" dir=\"auto\" data-turn-id=\"request-WEB:68ab0d6e-d2e7-467c-9dc0-d571556d697c-9\" data-testid=\"conversation-turn-20\" data-scroll-anchor=\"false\" data-turn=\"assistant\">\n<div class=\"text-base my-auto mx-auto pb-10 [--thread-content-margin:var(--thread-content-margin-xs,calc(var(--spacing)*4))] @w-sm\/main:[--thread-content-margin:var(--thread-content-margin-sm,calc(var(--spacing)*6))] @w-lg\/main:[--thread-content-margin:var(--thread-content-margin-lg,calc(var(--spacing)*16))] px-(--thread-content-margin)\">\n<div class=\"[--thread-content-max-width:40rem] @w-lg\/main:[--thread-content-max-width:48rem] mx-auto max-w-(--thread-content-max-width) flex-1 group\/turn-messages focus-visible:outline-hidden relative flex w-full min-w-0 flex-col agent-turn\">\n<div class=\"flex max-w-full flex-col gap-4 grow AIPRM__conversation__response sm:AIPRM__conversation__response AIPRM__relative\">\n<div class=\"min-h-8 text-message relative flex w-full flex-col items-end gap-2 text-start break-words whitespace-normal outline-none keyboard-focused:focus-ring [.text-message+&amp;]:mt-1\" dir=\"auto\" tabindex=\"0\" data-message-author-role=\"assistant\" data-message-id=\"d230e468-d1f1-4fbe-9f20-26a91f96812b\" data-message-model-slug=\"gpt-5-3\" data-turn-start-message=\"true\">\n<div class=\"flex w-full flex-col gap-1 empty:hidden\">\n<div class=\"markdown prose dark:prose-invert w-full wrap-break-word light markdown-new-styling\">\n<p data-start=\"0\" data-end=\"26\"><strong data-start=\"0\" data-end=\"26\">Einf\u00fchrung zu Fungexin<\/strong><\/p>\n<p data-start=\"28\" data-end=\"307\">Viele Menschen achten erst auf ihre Fu\u00df- und Nagelpflege, wenn Probleme sichtbar oder sp\u00fcrbar werden. Enge Schuhe, Feuchtigkeit oder langes Stehen k\u00f6nnen Haut und N\u00e4gel belasten. Fungexin ist ein Gel zur \u00e4u\u00dferen Anwendung. Es unterst\u00fctzt die t\u00e4gliche Pflege von F\u00fc\u00dfen und N\u00e4geln.<\/p>\n<p data-start=\"309\" data-end=\"455\">Das Gel ist leicht. Es l\u00e4sst sich einfach auftragen, zieht schnell ein und hinterl\u00e4sst kein fettiges Gef\u00fchl. Es passt gut in die t\u00e4gliche Routine.<\/p>\n<p data-start=\"457\" data-end=\"743\">Fungexin hilft, die nat\u00fcrliche Umgebung von Haut und N\u00e4geln zu unterst\u00fctzen. Es sorgt f\u00fcr ein frisches und gepflegtes Gef\u00fchl. Bei regelm\u00e4\u00dfiger Nutzung kann es das Aussehen der N\u00e4gel verbessern und das Wohlbefinden der F\u00fc\u00dfe steigern. Die Anwendung ist einfach und auch unterwegs m\u00f6glich.<\/p>\n<hr data-start=\"745\" data-end=\"748\" \/>\n<p data-start=\"750\" data-end=\"784\"><strong data-start=\"750\" data-end=\"784\">Wann wird Fungexin angewendet?<\/strong><\/p>\n<p data-start=\"786\" data-end=\"1007\">Fungexin wird verwendet, wenn Haut oder N\u00e4gel mehr Pflege brauchen. Viele nutzen es bei rauen N\u00e4geln, trockener Haut oder einem unangenehmen Gef\u00fchl an den F\u00fc\u00dfen. Es erg\u00e4nzt die t\u00e4gliche Pflege und verbessert das Aussehen.<\/p>\n<p data-start=\"1009\" data-end=\"1229\">Es ist auch hilfreich bei starker Belastung der F\u00fc\u00dfe. Zum Beispiel bei langem Stehen, Sport oder geschlossenen Schuhen \u00fcber viele Stunden. Das Gel hilft, die F\u00fc\u00dfe sauber und frisch zu halten und die Haut zu unterst\u00fctzen.<\/p>\n<hr data-start=\"1231\" data-end=\"1234\" \/>\n<p data-start=\"1236\" data-end=\"1270\"><strong data-start=\"1236\" data-end=\"1270\">F\u00fcr wen ist Fungexin geeignet?<\/strong><\/p>\n<p data-start=\"1272\" data-end=\"1407\">Fungexin ist f\u00fcr Erwachsene gedacht, die gepflegte F\u00fc\u00dfe und gesunde N\u00e4gel m\u00f6chten. Es ist eine einfache L\u00f6sung f\u00fcr die t\u00e4gliche Pflege.<\/p>\n<p data-start=\"1409\" data-end=\"1621\" data-is-last-node=\"\" data-is-only-node=\"\">Auch Menschen, die oft in Schwimmb\u00e4dern oder Fitnessstudios sind, k\u00f6nnen es nutzen. Ebenso ist es gut f\u00fcr Personen, die viel stehen oder laufen. Das Gel erleichtert die Pflege und sorgt f\u00fcr ein angenehmes Gef\u00fchl.<\/p>\n<section class=\"text-token-text-primary w-full focus:outline-none [--shadow-height:45px] has-data-writing-block:pointer-events-none has-data-writing-block:-mt-(--shadow-height) has-data-writing-block:pt-(--shadow-height) [&amp;:has([data-writing-block])&gt;*]:pointer-events-auto [content-visibility:auto] supports-[content-visibility:auto]:[contain-intrinsic-size:auto_100lvh] R6Vx5W_threadScrollVars scroll-mb-[calc(var(--scroll-root-safe-area-inset-bottom,0px)+var(--thread-response-height))] scroll-mt-[calc(var(--header-height)+min(200px,max(70px,20svh)))]\" dir=\"auto\" data-turn-id=\"request-WEB:68ab0d6e-d2e7-467c-9dc0-d571556d697c-10\" data-testid=\"conversation-turn-22\" data-scroll-anchor=\"false\" data-turn=\"assistant\">\n<div class=\"text-base my-auto mx-auto pb-10 [--thread-content-margin:var(--thread-content-margin-xs,calc(var(--spacing)*4))] @w-sm\/main:[--thread-content-margin:var(--thread-content-margin-sm,calc(var(--spacing)*6))] @w-lg\/main:[--thread-content-margin:var(--thread-content-margin-lg,calc(var(--spacing)*16))] px-(--thread-content-margin)\">\n<div class=\"[--thread-content-max-width:40rem] @w-lg\/main:[--thread-content-max-width:48rem] mx-auto max-w-(--thread-content-max-width) flex-1 group\/turn-messages focus-visible:outline-hidden relative flex w-full min-w-0 flex-col agent-turn\">\n<div class=\"flex max-w-full flex-col gap-4 grow AIPRM__conversation__response sm:AIPRM__conversation__response AIPRM__relative\">\n<div class=\"min-h-8 text-message relative flex w-full flex-col items-end gap-2 text-start break-words whitespace-normal outline-none keyboard-focused:focus-ring [.text-message+&amp;]:mt-1\" dir=\"auto\" tabindex=\"0\" data-message-author-role=\"assistant\" data-message-id=\"41997c05-9beb-4491-a5b2-5e9d4b3cdf3c\" data-message-model-slug=\"gpt-5-3\" data-turn-start-message=\"true\">\n<div class=\"flex w-full flex-col gap-1 empty:hidden\">\n<div class=\"markdown prose dark:prose-invert w-full wrap-break-word light markdown-new-styling\">\n<p data-start=\"0\" data-end=\"32\"><strong data-start=\"0\" data-end=\"32\">Zusammensetzung von Fungexin<\/strong><\/p>\n<p data-start=\"34\" data-end=\"154\">Die Inhaltsstoffe von Fungexin wurden sorgf\u00e4ltig ausgew\u00e4hlt. Sie helfen, Haut und N\u00e4gel auf nat\u00fcrliche Weise zu pflegen:<\/p>\n<ul data-start=\"156\" data-end=\"578\">\n<li data-section-id=\"1kvgg0j\" data-start=\"156\" data-end=\"206\"><strong data-start=\"158\" data-end=\"166\">Aqua<\/strong> \u2013 dient als leichte Basis f\u00fcr das Gel<\/li>\n<li data-section-id=\"a5swth\" data-start=\"207\" data-end=\"294\"><strong data-start=\"209\" data-end=\"241\">Extrakt aus Agastache rugosa<\/strong> \u2013 unterst\u00fctzt die Hautpflege und sorgt f\u00fcr Frische<\/li>\n<li data-section-id=\"1f0jw97\" data-start=\"295\" data-end=\"393\"><strong data-start=\"297\" data-end=\"345\">Extrakt aus Astragalus membranaceus (Wurzel)<\/strong> \u2013 hilft, die Haut zu pflegen und zu beruhigen<\/li>\n<li data-section-id=\"f95v0i\" data-start=\"394\" data-end=\"450\"><strong data-start=\"396\" data-end=\"407\">Menthol<\/strong> \u2013 gibt ein k\u00fchlendes und frisches Gef\u00fchl<\/li>\n<li data-section-id=\"zxd9ai\" data-start=\"451\" data-end=\"517\"><strong data-start=\"453\" data-end=\"463\">Thymol<\/strong> \u2013 unterst\u00fctzt die saubere Pflege der Hautoberfl\u00e4che<\/li>\n<li data-section-id=\"nrfeo5\" data-start=\"518\" data-end=\"578\"><strong data-start=\"520\" data-end=\"533\">Rizinus\u00f6l<\/strong> \u2013 pflegt intensiv und macht die Haut weich<\/li>\n<\/ul>\n<p data-start=\"580\" data-end=\"689\">Diese Kombination erg\u00e4nzt die t\u00e4gliche Fu\u00dfpflege und unterst\u00fctzt die nat\u00fcrliche Struktur von Haut und N\u00e4geln.<\/p>\n<hr data-start=\"691\" data-end=\"694\" \/>\n<p data-start=\"696\" data-end=\"720\"><strong data-start=\"696\" data-end=\"720\">Wirkung von Fungexin<\/strong><\/p>\n<p data-start=\"722\" data-end=\"975\">Fungexin wirkt pflegend und unterst\u00fctzend auf Haut und N\u00e4gel. Die Mischung aus pflanzlichen Extrakten und pflegenden Stoffen hilft, die Haut zu beruhigen und mit Feuchtigkeit zu versorgen. Menthol sorgt sofort f\u00fcr ein frisches Gef\u00fchl nach dem Auftragen.<\/p>\n<p data-start=\"977\" data-end=\"1200\" data-is-last-node=\"\" data-is-only-node=\"\">Bei regelm\u00e4\u00dfiger Anwendung kann Fungexin das Aussehen der N\u00e4gel verbessern und die Haut um die N\u00e4gel weicher machen. Das Gel ist leicht und zieht schnell ein. So wirken die Inhaltsstoffe genau dort, wo sie gebraucht werden.<\/p>\n<section class=\"text-token-text-primary w-full focus:outline-none [--shadow-height:45px] has-data-writing-block:pointer-events-none has-data-writing-block:-mt-(--shadow-height) has-data-writing-block:pt-(--shadow-height) [&amp;:has([data-writing-block])&gt;*]:pointer-events-auto [content-visibility:auto] supports-[content-visibility:auto]:[contain-intrinsic-size:auto_100lvh] R6Vx5W_threadScrollVars scroll-mb-[calc(var(--scroll-root-safe-area-inset-bottom,0px)+var(--thread-response-height))] scroll-mt-[calc(var(--header-height)+min(200px,max(70px,20svh)))]\" dir=\"auto\" data-turn-id=\"request-WEB:68ab0d6e-d2e7-467c-9dc0-d571556d697c-11\" data-testid=\"conversation-turn-24\" data-scroll-anchor=\"false\" data-turn=\"assistant\">\n<div class=\"text-base my-auto mx-auto pb-10 [--thread-content-margin:var(--thread-content-margin-xs,calc(var(--spacing)*4))] @w-sm\/main:[--thread-content-margin:var(--thread-content-margin-sm,calc(var(--spacing)*6))] @w-lg\/main:[--thread-content-margin:var(--thread-content-margin-lg,calc(var(--spacing)*16))] px-(--thread-content-margin)\">\n<div class=\"[--thread-content-max-width:40rem] @w-lg\/main:[--thread-content-max-width:48rem] mx-auto max-w-(--thread-content-max-width) flex-1 group\/turn-messages focus-visible:outline-hidden relative flex w-full min-w-0 flex-col agent-turn\">\n<div class=\"flex max-w-full flex-col gap-4 grow AIPRM__conversation__response sm:AIPRM__conversation__response AIPRM__relative\">\n<div class=\"min-h-8 text-message relative flex w-full flex-col items-end gap-2 text-start break-words whitespace-normal outline-none keyboard-focused:focus-ring [.text-message+&amp;]:mt-1\" dir=\"auto\" tabindex=\"0\" data-message-author-role=\"assistant\" data-message-id=\"40fbda87-63b7-44ce-b5bc-8cd73acd873a\" data-message-model-slug=\"gpt-5-3\" data-turn-start-message=\"true\">\n<div class=\"flex w-full flex-col gap-1 empty:hidden\">\n<div class=\"markdown prose dark:prose-invert w-full wrap-break-word light markdown-new-styling\">\n<p data-start=\"0\" data-end=\"43\"><strong data-start=\"0\" data-end=\"43\">Wie wird Fungexin angewendet? Dosierung<\/strong><\/p>\n<p data-start=\"45\" data-end=\"112\">Die Anwendung von Fungexin ist einfach und passt gut in den Alltag:<\/p>\n<ul data-start=\"114\" data-end=\"408\">\n<li data-section-id=\"i36g08\" data-start=\"114\" data-end=\"192\">Morgens und abends auf saubere und trockene N\u00e4gel sowie die Haut auftragen<\/li>\n<li data-section-id=\"121n2mj\" data-start=\"193\" data-end=\"257\">Eine kleine Menge Gel sanft einreiben, bis es eingezogen ist<\/li>\n<li data-section-id=\"14j145z\" data-start=\"258\" data-end=\"308\">Nach der Anwendung die H\u00e4nde gr\u00fcndlich waschen<\/li>\n<li data-section-id=\"u5x0ce\" data-start=\"309\" data-end=\"358\">Das Gel regelm\u00e4\u00dfig \u00fcber mehrere Wochen nutzen<\/li>\n<li data-section-id=\"q3vj43\" data-start=\"359\" data-end=\"408\">Kontakt mit Augen und Schleimh\u00e4uten vermeiden<\/li>\n<\/ul>\n<p data-start=\"410\" data-end=\"497\">Diese einfache Anwendung hilft, die Pflege regelm\u00e4\u00dfig durchzuf\u00fchren, ohne viel Aufwand.<\/p>\n<hr data-start=\"499\" data-end=\"502\" \/>\n<p data-start=\"504\" data-end=\"544\"><strong data-start=\"504\" data-end=\"544\">Gegenanzeigen und Vorsichtsma\u00dfnahmen<\/strong><\/p>\n<p data-start=\"546\" data-end=\"780\">Fungexin ist nur f\u00fcr die \u00e4u\u00dfere Anwendung gedacht. Personen, die auf einen der Inhaltsstoffe empfindlich reagieren, sollten das Produkt nicht verwenden. Bei offenen Wunden oder stark gereizter Haut sollte man vorher einen Arzt fragen.<\/p>\n<p data-start=\"782\" data-end=\"938\" data-is-last-node=\"\" data-is-only-node=\"\">Das Produkt ersetzt keine medizinische Behandlung. Wenn Probleme mit Haut oder N\u00e4geln l\u00e4nger bleiben oder schlimmer werden, sollte man einen Arzt aufsuchen.<\/p>\n<section class=\"text-token-text-primary w-full focus:outline-none [--shadow-height:45px] has-data-writing-block:pointer-events-none has-data-writing-block:-mt-(--shadow-height) has-data-writing-block:pt-(--shadow-height) [&amp;:has([data-writing-block])&gt;*]:pointer-events-auto [content-visibility:auto] supports-[content-visibility:auto]:[contain-intrinsic-size:auto_100lvh] R6Vx5W_threadScrollVars scroll-mb-[calc(var(--scroll-root-safe-area-inset-bottom,0px)+var(--thread-response-height))] scroll-mt-[calc(var(--header-height)+min(200px,max(70px,20svh)))]\" dir=\"auto\" data-turn-id=\"request-WEB:68ab0d6e-d2e7-467c-9dc0-d571556d697c-12\" data-testid=\"conversation-turn-26\" data-scroll-anchor=\"false\" data-turn=\"assistant\">\n<div class=\"text-base my-auto mx-auto pb-10 [--thread-content-margin:var(--thread-content-margin-xs,calc(var(--spacing)*4))] @w-sm\/main:[--thread-content-margin:var(--thread-content-margin-sm,calc(var(--spacing)*6))] @w-lg\/main:[--thread-content-margin:var(--thread-content-margin-lg,calc(var(--spacing)*16))] px-(--thread-content-margin)\">\n<div class=\"[--thread-content-max-width:40rem] @w-lg\/main:[--thread-content-max-width:48rem] mx-auto max-w-(--thread-content-max-width) flex-1 group\/turn-messages focus-visible:outline-hidden relative flex w-full min-w-0 flex-col agent-turn\">\n<div class=\"flex max-w-full flex-col gap-4 grow AIPRM__conversation__response sm:AIPRM__conversation__response AIPRM__relative\">\n<div class=\"min-h-8 text-message relative flex w-full flex-col items-end gap-2 text-start break-words whitespace-normal outline-none keyboard-focused:focus-ring [.text-message+&amp;]:mt-1\" dir=\"auto\" tabindex=\"0\" data-message-author-role=\"assistant\" data-message-id=\"f137bf64-550f-4ad0-a7a4-71950c2547db\" data-message-model-slug=\"gpt-5-3\" data-turn-start-message=\"true\">\n<div class=\"flex w-full flex-col gap-1 empty:hidden\">\n<div class=\"markdown prose dark:prose-invert w-full wrap-break-word light markdown-new-styling\">\n<p data-start=\"0\" data-end=\"46\"><strong data-start=\"0\" data-end=\"46\">Nebenwirkungen und unerw\u00fcnschte Reaktionen<\/strong><\/p>\n<p data-start=\"48\" data-end=\"280\">Fungexin wird meist gut vertragen. In seltenen F\u00e4llen kann es zu leichten Hautreizungen kommen, wie R\u00f6tungen oder ein leichtes Brennen. Das passiert h\u00e4ufiger bei empfindlicher Haut. Diese Reaktionen sind in der Regel nur kurzzeitig.<\/p>\n<p data-start=\"282\" data-end=\"469\">Wenn st\u00e4rkere allergische Reaktionen oder l\u00e4nger anhaltende Beschwerden auftreten, sollte die Anwendung sofort gestoppt werden. In diesem Fall ist es sinnvoll, einen Arzt zu kontaktieren.<\/p>\n<hr data-start=\"471\" data-end=\"474\" \/>\n<p data-start=\"476\" data-end=\"509\"><strong data-start=\"476\" data-end=\"509\">Produktwirkungen von Fungexin<\/strong><\/p>\n<p data-start=\"511\" data-end=\"727\">Bei regelm\u00e4\u00dfiger Anwendung kann Fungexin helfen, das Aussehen der N\u00e4gel zu verbessern. Die Haut wirkt oft glatter und besser mit Feuchtigkeit versorgt. Das enthaltene Menthol sorgt zus\u00e4tzlich f\u00fcr ein frisches Gef\u00fchl.<\/p>\n<p data-start=\"729\" data-end=\"954\">Viele Nutzer berichten, dass sich ihre F\u00fc\u00dfe sauberer und gepflegter anf\u00fchlen. Die t\u00e4gliche Fu\u00dfpflege wird dadurch einfacher und angenehmer. In Kombination mit guter Hygiene kann das Gel seine pflegende Wirkung optimal zeigen.<\/p>\n<hr data-start=\"956\" data-end=\"959\" \/>\n<p data-start=\"961\" data-end=\"1017\"><strong data-start=\"961\" data-end=\"1017\">Kundenbewertungen und Erfahrungsberichte zu Fungexin<\/strong><\/p>\n<p data-start=\"1019\" data-end=\"1182\">Viele Anwender finden Fungexin einfach und angenehm in der Anwendung. Besonders gesch\u00e4tzt wird, dass das Gel schnell einzieht und kein fettiges Gef\u00fchl hinterl\u00e4sst.<\/p>\n<p data-start=\"1184\" data-end=\"1207\">Typische Aussagen sind:<\/p>\n<p data-start=\"1209\" data-end=\"1409\">\u201eDas Gel zieht schnell ein und f\u00fchlt sich angenehm an.\u201c<br data-start=\"1264\" data-end=\"1267\" \/>\u201eIch benutze es t\u00e4glich nach dem Duschen. Meine N\u00e4gel sehen gepflegter aus.\u201c<br data-start=\"1343\" data-end=\"1346\" \/>\u201eSehr praktisch f\u00fcr die t\u00e4gliche Pflege ohne gro\u00dfen Aufwand.\u201c<\/p>\n<p data-start=\"1411\" data-end=\"1506\">Diese Erfahrungen zeigen, dass das Produkt gut in den Alltag passt und regelm\u00e4\u00dfig genutzt wird.<\/p>\n<hr data-start=\"1508\" data-end=\"1511\" \/>\n<p data-start=\"1513\" data-end=\"1525\"><strong data-start=\"1513\" data-end=\"1525\">Lagerung<\/strong><\/p>\n<p data-start=\"1527\" data-end=\"1777\">Fungexin sollte an einem trockenen und k\u00fchlen Ort gelagert werden. Es sollte vor direkter Sonneneinstrahlung gesch\u00fctzt werden. Die Tube immer gut verschlie\u00dfen, um die Qualit\u00e4t zu erhalten. Das Produkt au\u00dferhalb der Reichweite von Kindern aufbewahren.<\/p>\n<hr data-start=\"1779\" data-end=\"1782\" \/>\n<p data-start=\"1784\" data-end=\"1803\"><strong data-start=\"1784\" data-end=\"1803\">FAQ zu Fungexin<\/strong><\/p>\n<p data-start=\"1805\" data-end=\"1940\"><strong data-start=\"1805\" data-end=\"1853\">Wie lange sollte Fungexin angewendet werden?<\/strong><br data-start=\"1853\" data-end=\"1856\" \/>F\u00fcr beste Ergebnisse sollte das Gel regelm\u00e4\u00dfig \u00fcber mehrere Wochen verwendet werden.<\/p>\n<p data-start=\"1942\" data-end=\"2054\"><strong data-start=\"1942\" data-end=\"1985\">Kann Fungexin t\u00e4glich verwendet werden?<\/strong><br data-start=\"1985\" data-end=\"1988\" \/>Ja, es ist f\u00fcr die t\u00e4gliche Anwendung morgens und abends geeignet.<\/p>\n<p data-start=\"2056\" data-end=\"2175\"><strong data-start=\"2056\" data-end=\"2109\">Muss die Haut vor der Anwendung gereinigt werden?<\/strong><br data-start=\"2109\" data-end=\"2112\" \/>Ja, saubere und trockene Haut hilft, die Wirkung zu verbessern.<\/p>\n<p data-start=\"2177\" data-end=\"2295\"><strong data-start=\"2177\" data-end=\"2222\">Kann ich Fungexin auch vorbeugend nutzen?<\/strong><br data-start=\"2222\" data-end=\"2225\" \/>Ja, es kann auch zur t\u00e4glichen Pflege und Vorbeugung verwendet werden.<\/p>\n<p data-start=\"2297\" data-end=\"2404\" data-is-last-node=\"\" data-is-only-node=\"\"><strong data-start=\"2297\" data-end=\"2332\">Hinterl\u00e4sst das Gel R\u00fcckst\u00e4nde?<\/strong><br data-start=\"2332\" data-end=\"2335\" \/>Nein, das Gel zieht schnell ein und hinterl\u00e4sst kein fettiges Gef\u00fchl.<\/p>\n<\/div>\n<\/div>\n<\/div>\n<\/div>\n<\/div>\n<\/div>\n<\/section>\n<\/div>\n<\/div>\n<\/div>\n<\/div>\n<\/div>\n<\/div>\n<\/section>\n<\/div>\n<\/div>\n<\/div>\n<\/div>\n<\/div>\n<\/div>\n<\/section>\n<\/div>\n<\/div>\n<\/div>\n<\/div>\n<\/div>\n<\/div>\n<\/section>\n","protected":false},"excerpt":{"rendered":"<p>Fungexin Bewertungen Einf\u00fchrung zu Fungexin Viele Menschen achten erst auf ihre Fu\u00df- und Nagelpflege, wenn Probleme sichtbar oder sp\u00fcrbar werden. Enge Schuhe, Feuchtigkeit oder langes Stehen k\u00f6nnen Haut und N\u00e4gel belasten. Fungexin ist ein Gel zur \u00e4u\u00dferen Anwendung. Es unterst\u00fctzt die t\u00e4gliche Pflege von F\u00fc\u00dfen und N\u00e4geln. Das Gel ist leicht. Es l\u00e4sst sich einfach &#8230; <a title=\"Fungexin Bewertungen {Warnungen}: Erfahrungen, Nebenwirkungen \u2013 Wirkt es?\" class=\"read-more\" href=\"https:\/\/dr-thomas-weyrauch.de\/apotheke\/product\/fungexin-bewertungen-warnungen-erfahrungen-nebenwirkungen-wirkt-es\/\" aria-label=\"Mehr Informationen \u00fcber Fungexin Bewertungen {Warnungen}: Erfahrungen, Nebenwirkungen \u2013 Wirkt es?\">Weiterlesen<\/a><\/p>\n","protected":false},"featured_media":188,"comment_status":"open","ping_status":"closed","template":"","meta":[],"product_brand":[],"product_cat":[19],"product_tag":[],"class_list":{"0":"post-187","1":"product","2":"type-product","3":"status-publish","4":"has-post-thumbnail","6":"product_cat-gesundheit","8":"first","9":"instock","10":"shipping-taxable","11":"product-type-simple"},"_links":{"self":[{"href":"https:\/\/dr-thomas-weyrauch.de\/apotheke\/wp-json\/wp\/v2\/product\/187","targetHints":{"allow":["GET"]}}],"collection":[{"href":"https:\/\/dr-thomas-weyrauch.de\/apotheke\/wp-json\/wp\/v2\/product"}],"about":[{"href":"https:\/\/dr-thomas-weyrauch.de\/apotheke\/wp-json\/wp\/v2\/types\/product"}],"replies":[{"embeddable":true,"href":"https:\/\/dr-thomas-weyrauch.de\/apotheke\/wp-json\/wp\/v2\/comments?post=187"}],"wp:featuredmedia":[{"embeddable":true,"href":"https:\/\/dr-thomas-weyrauch.de\/apotheke\/wp-json\/wp\/v2\/media\/188"}],"wp:attachment":[{"href":"https:\/\/dr-thomas-weyrauch.de\/apotheke\/wp-json\/wp\/v2\/media?parent=187"}],"wp:term":[{"taxonomy":"product_brand","embeddable":true,"href":"https:\/\/dr-thomas-weyrauch.de\/apotheke\/wp-json\/wp\/v2\/product_brand?post=187"},{"taxonomy":"product_cat","embeddable":true,"href":"https:\/\/dr-thomas-weyrauch.de\/apotheke\/wp-json\/wp\/v2\/product_cat?post=187"},{"taxonomy":"product_tag","embeddable":true,"href":"https:\/\/dr-thomas-weyrauch.de\/apotheke\/wp-json\/wp\/v2\/product_tag?post=187"}],"curies":[{"name":"wp","href":"https:\/\/api.w.org\/{rel}","templated":true}]}}